{"id":18252,"date":"2025-12-12T11:35:27","date_gmt":"2025-12-12T10:35:27","guid":{"rendered":"https:\/\/hanou.at\/?page_id=18252"},"modified":"2025-12-27T18:08:48","modified_gmt":"2025-12-27T17:08:48","slug":"leistungen","status":"publish","type":"page","link":"https:\/\/hanou.at\/?page_id=18252","title":{"rendered":"Branding"},"content":{"rendered":"\t\t<div data-elementor-type=\"wp-page\" data-elementor-id=\"18252\" class=\"elementor elementor-18252\">\n\t\t\t\t<div class=\"elementor-element elementor-element-001eea9 e-flex e-con-boxed e-con e-parent\" data-id=\"001eea9\" data-element_type=\"container\" data-e-type=\"container\" data-settings=\"{&quot;background_background&quot;:&quot;classic&quot;}\">\n\t\t\t\t\t<div class=\"e-con-inner\">\n\t\t<div class=\"elementor-element elementor-element-0cff5ae e-con-full e-flex e-con e-child\" data-id=\"0cff5ae\" data-element_type=\"container\" data-e-type=\"container\">\n\t\t<div class=\"elementor-element elementor-element-0e9a502 e-con-full e-flex e-con e-child\" data-id=\"0e9a502\" data-element_type=\"container\" data-e-type=\"container\">\n\t\t\t\t<div class=\"elementor-element elementor-element-71aba4c elementor-widget elementor-widget-heading\" data-id=\"71aba4c\" data-element_type=\"widget\" data-e-type=\"widget\" data-widget_type=\"heading.default\">\n\t\t\t\t<div class=\"elementor-widget-container\">\n\t\t\t\t\t<h1 class=\"elementor-heading-title elementor-size-default\">Branding & Markenidentit\u00e4t<\/h1>\t\t\t\t<\/div>\n\t\t\t\t<\/div>\n\t\t\t\t<\/div>\n\t\t\t\t<\/div>\n\t\t<div class=\"elementor-element elementor-element-1b7082c e-con-full e-flex e-con e-child\" data-id=\"1b7082c\" data-element_type=\"container\" data-e-type=\"container\">\n\t\t<div class=\"elementor-element elementor-element-c0afc86 e-con-full e-flex e-con e-child\" data-id=\"c0afc86\" data-element_type=\"container\" data-e-type=\"container\">\n\t\t\t\t<div class=\"elementor-element elementor-element-fccbeda fade-anim elementor-widget__width-initial elementor-widget elementor-widget-text-editor\" data-id=\"fccbeda\" data-element_type=\"widget\" data-e-type=\"widget\" data-widget_type=\"text-editor.default\">\n\t\t\t\t<div class=\"elementor-widget-container\">\n\t\t\t\t\t\t\t\t\t<p data-start=\"395\" data-end=\"594\">Branding richtet sich an Selbstst\u00e4ndige, kleine Unternehmen und Marken, die nicht einfach nur \u201esch\u00f6n aussehen\u201c wollen, sondern klar positioniert, wiedererkennbar und konsistent auftreten m\u00f6chten.<\/p><p data-start=\"596\" data-end=\"708\">Ich entwickle visuelle Identit\u00e4ten, die Orientierung geben und \u00fcber einzelne Anwendungen hinaus funktionieren.<\/p>\t\t\t\t\t\t\t\t<\/div>\n\t\t\t\t<\/div>\n\t\t\t\t<div class=\"elementor-element elementor-element-27886d1 fade-anim elementor-align-start elementor-icon-list--layout-traditional elementor-list-item-link-full_width elementor-widget elementor-widget-icon-list\" data-id=\"27886d1\" data-element_type=\"widget\" data-e-type=\"widget\" data-widget_type=\"icon-list.default\">\n\t\t\t\t<div class=\"elementor-widget-container\">\n\t\t\t\t\t\t\t<ul class=\"elementor-icon-list-items\">\n\t\t\t\t\t\t\t<li class=\"elementor-icon-list-item\">\n\t\t\t\t\t\t\t\t\t\t<span class=\"elementor-icon-list-text\">Was im Branding enthalten ist:<\/span>\n\t\t\t\t\t\t\t\t\t<\/li>\n\t\t\t\t\t\t\t\t<li class=\"elementor-icon-list-item\">\n\t\t\t\t\t\t\t\t\t\t\t<span class=\"elementor-icon-list-icon\">\n\t\t\t\t\t\t\t<i aria-hidden=\"true\" class=\"fas fa-plus\"><\/i>\t\t\t\t\t\t<\/span>\n\t\t\t\t\t\t\t\t\t\t<span class=\"elementor-icon-list-text\">Markenpositionierung & visuelle Richtung<\/span>\n\t\t\t\t\t\t\t\t\t<\/li>\n\t\t\t\t\t\t\t\t<li class=\"elementor-icon-list-item\">\n\t\t\t\t\t\t\t\t\t\t\t<span class=\"elementor-icon-list-icon\">\n\t\t\t\t\t\t\t<i aria-hidden=\"true\" class=\"fas fa-plus\"><\/i>\t\t\t\t\t\t<\/span>\n\t\t\t\t\t\t\t\t\t\t<span class=\"elementor-icon-list-text\">Logo & Zeichenentwicklung<\/span>\n\t\t\t\t\t\t\t\t\t<\/li>\n\t\t\t\t\t\t\t\t<li class=\"elementor-icon-list-item\">\n\t\t\t\t\t\t\t\t\t\t\t<span class=\"elementor-icon-list-icon\">\n\t\t\t\t\t\t\t<i aria-hidden=\"true\" class=\"fas fa-plus\"><\/i>\t\t\t\t\t\t<\/span>\n\t\t\t\t\t\t\t\t\t\t<span class=\"elementor-icon-list-text\">Typografie & Farbwelt<\/span>\n\t\t\t\t\t\t\t\t\t<\/li>\n\t\t\t\t\t\t\t\t<li class=\"elementor-icon-list-item\">\n\t\t\t\t\t\t\t\t\t\t\t<span class=\"elementor-icon-list-icon\">\n\t\t\t\t\t\t\t<i aria-hidden=\"true\" class=\"fas fa-plus\"><\/i>\t\t\t\t\t\t<\/span>\n\t\t\t\t\t\t\t\t\t\t<span class=\"elementor-icon-list-text\">Gestaltungselemente & Bildsprache<\/span>\n\t\t\t\t\t\t\t\t\t<\/li>\n\t\t\t\t\t\t\t\t<li class=\"elementor-icon-list-item\">\n\t\t\t\t\t\t\t\t\t\t\t<span class=\"elementor-icon-list-icon\">\n\t\t\t\t\t\t\t<i aria-hidden=\"true\" class=\"fas fa-plus\"><\/i>\t\t\t\t\t\t<\/span>\n\t\t\t\t\t\t\t\t\t\t<span class=\"elementor-icon-list-text\">Anwendungen (Print, Digital, Raum)<\/span>\n\t\t\t\t\t\t\t\t\t<\/li>\n\t\t\t\t\t\t\t\t<li class=\"elementor-icon-list-item\">\n\t\t\t\t\t\t\t\t\t\t\t<span class=\"elementor-icon-list-icon\">\n\t\t\t\t\t\t\t<i aria-hidden=\"true\" class=\"fas fa-plus\"><\/i>\t\t\t\t\t\t<\/span>\n\t\t\t\t\t\t\t\t\t\t<span class=\"elementor-icon-list-text\">Brand Guidelines zur Weiterverwendung<\/span>\n\t\t\t\t\t\t\t\t\t<\/li>\n\t\t\t\t\t\t<\/ul>\n\t\t\t\t\t\t<\/div>\n\t\t\t\t<\/div>\n\t\t\t\t<\/div>\n\t\t<div class=\"elementor-element elementor-element-6e61ad6 e-con-full e-flex e-con e-child\" data-id=\"6e61ad6\" data-element_type=\"container\" data-e-type=\"container\">\n\t\t\t\t<div class=\"elementor-element elementor-element-402371c elementor-widget elementor-widget-arrox-image\" data-id=\"402371c\" data-element_type=\"widget\" data-e-type=\"widget\" data-settings=\"{&quot;arrox_anima_type&quot;:&quot;parallax-view&quot;}\" data-widget_type=\"arrox-image.default\">\n\t\t\t\t<div class=\"elementor-widget-container\">\n\t\t\t\t\t\r\n\t\t\t\t\t\t<div class=\"image-wrapper arrox-el-image parallax-view\">\r\n        \t<img decoding=\"async\" class=\"w-100\" src=\"https:\/\/hanou.at\/wp-content\/uploads\/2025\/12\/Gift-Key-Card-3.jpg\" alt=\"\" data-speed=\"0.8\">\r\n        <\/div>\r\n\t\t\r\n\t\t\t\t\t\t<\/div>\n\t\t\t\t<\/div>\n\t\t\t\t<\/div>\n\t\t\t\t<\/div>\n\t\t\t\t\t<\/div>\n\t\t\t\t<\/div>\n\t\t<div class=\"elementor-element elementor-element-6977e21 e-flex e-con-boxed e-con e-child\" data-id=\"6977e21\" data-element_type=\"container\" data-e-type=\"container\" data-settings=\"{&quot;background_background&quot;:&quot;classic&quot;}\">\n\t\t\t\t\t<div class=\"e-con-inner\">\n\t\t<div class=\"elementor-element elementor-element-5081335 e-flex e-con-boxed e-con e-child\" data-id=\"5081335\" data-element_type=\"container\" data-e-type=\"container\">\n\t\t\t\t\t<div class=\"e-con-inner\">\n\t\t<div class=\"elementor-element elementor-element-d40691b e-con-full e-flex e-con e-child\" data-id=\"d40691b\" data-element_type=\"container\" data-e-type=\"container\">\n\t\t<div class=\"elementor-element elementor-element-f7585a8 e-con-full e-flex e-con e-child\" data-id=\"f7585a8\" data-element_type=\"container\" data-e-type=\"container\">\n\t\t\t\t<div class=\"elementor-element elementor-element-eb85a9c elementor-absolute elementor-widget elementor-widget-arrox-image\" data-id=\"eb85a9c\" data-element_type=\"widget\" data-e-type=\"widget\" data-settings=\"{&quot;_position&quot;:&quot;absolute&quot;,&quot;arrox_anima_type&quot;:&quot;parallax-view&quot;}\" data-widget_type=\"arrox-image.default\">\n\t\t\t\t<div class=\"elementor-widget-container\">\n\t\t\t\t\t\r\n\t\t\t\t\t\t<div class=\"image-wrapper arrox-el-image parallax-view\">\r\n        \t<img decoding=\"async\" class=\"w-100\" src=\"https:\/\/hanou.at\/wp-content\/uploads\/2025\/12\/Jade-Branding-GIF.gif\" alt=\"\" data-speed=\"0.7\">\r\n        <\/div>\r\n\t\t\r\n\t\t\t\t\t\t<\/div>\n\t\t\t\t<\/div>\n\t\t\t\t<\/div>\n\t\t<div class=\"elementor-element elementor-element-30bb19e e-con-full e-flex e-con e-child\" data-id=\"30bb19e\" data-element_type=\"container\" data-e-type=\"container\" data-settings=\"{&quot;background_background&quot;:&quot;classic&quot;}\">\n\t\t\t\t<div class=\"elementor-element elementor-element-49a4624 elementor-widget__width-initial elementor-widget elementor-widget-arrox-invert-text\" data-id=\"49a4624\" data-element_type=\"widget\" data-e-type=\"widget\" data-widget_type=\"arrox-invert-text.default\">\n\t\t\t\t<div class=\"elementor-widget-container\">\n\t\t\t\t\t\r\n\r\n\t\t\r\n\r\n                <div class=\"service-content-wrapper arrox-el-section\">\r\n            <div class=\"service-content\">\r\n                <div class=\"section-info-wrapper fade-anim\" data-direction=\"left\">\r\n                    <div class=\"text-wrapper\">\r\n                        <p class=\"text text-invert arrox-el-text\">Branding zeigt sich nicht nur im Konzept, sondern in jeder Anwendung.\n\n<br><br>\n\nErst wenn Gestaltung konsequent angewendet wird, entsteht Wiedererkennbarkeit.<\/p>\r\n                    <\/div>\r\n                <\/div>\r\n            <\/div>\r\n        <\/div>\r\n        \r\n\t\t\t\t\t\t<\/div>\n\t\t\t\t<\/div>\n\t\t\t\t<\/div>\n\t\t\t\t<\/div>\n\t\t<div class=\"elementor-element elementor-element-17628c9 e-con-full e-flex e-con e-child\" data-id=\"17628c9\" data-element_type=\"container\" data-e-type=\"container\">\n\t\t\t\t<div class=\"elementor-element elementor-element-0dc5440 elementor-widget elementor-widget-arrox-image\" data-id=\"0dc5440\" data-element_type=\"widget\" data-e-type=\"widget\" data-settings=\"{&quot;arrox_anima_type&quot;:&quot;parallax-view&quot;}\" data-widget_type=\"arrox-image.default\">\n\t\t\t\t<div class=\"elementor-widget-container\">\n\t\t\t\t\t\r\n\t\t\t\t\t\t<div class=\"image-wrapper arrox-el-image parallax-view\">\r\n        \t<img decoding=\"async\" class=\"w-100\" src=\"https:\/\/hanou.at\/wp-content\/uploads\/2025\/12\/Jade-Logos-scaled.jpg\" alt=\"\" data-speed=\"0.7\">\r\n        <\/div>\r\n\t\t\r\n\t\t\t\t\t\t<\/div>\n\t\t\t\t<\/div>\n\t\t\t\t<\/div>\n\t\t\t\t\t<\/div>\n\t\t\t\t<\/div>\n\t\t\t\t\t<\/div>\n\t\t\t\t<\/div>\n\t\t<div class=\"elementor-element elementor-element-c3cf7dd e-flex e-con-boxed e-con e-parent\" data-id=\"c3cf7dd\" data-element_type=\"container\" data-e-type=\"container\" data-settings=\"{&quot;background_background&quot;:&quot;classic&quot;}\">\n\t\t\t\t\t<div class=\"e-con-inner\">\n\t\t<div class=\"elementor-element elementor-element-0e3ea72 e-con-full e-flex e-con e-child\" data-id=\"0e3ea72\" data-element_type=\"container\" data-e-type=\"container\">\n\t\t<div class=\"elementor-element elementor-element-ee54f64 e-con-full e-flex e-con e-child\" data-id=\"ee54f64\" data-element_type=\"container\" data-e-type=\"container\" id=\"Ablauf\">\n\t\t\t\t<div class=\"elementor-element elementor-element-328463a fade-anim elementor-widget__width-initial elementor-widget elementor-widget-heading\" data-id=\"328463a\" data-element_type=\"widget\" data-e-type=\"widget\" data-widget_type=\"heading.default\">\n\t\t\t\t<div class=\"elementor-widget-container\">\n\t\t\t\t\t<h3 class=\"elementor-heading-title elementor-size-default\">Ablauf & Zusammenarbeit Branding<\/h3>\t\t\t\t<\/div>\n\t\t\t\t<\/div>\n\t\t\t\t<\/div>\n\t\t<div class=\"elementor-element elementor-element-ae6cdee e-con-full e-flex e-con e-child\" data-id=\"ae6cdee\" data-element_type=\"container\" data-e-type=\"container\">\n\t\t\t\t<div class=\"elementor-element elementor-element-c2f548b elementor-widget__width-initial elementor-widget elementor-widget-arrox_heading\" data-id=\"c2f548b\" data-element_type=\"widget\" data-e-type=\"widget\" data-settings=\"{&quot;arrox_anima_type&quot;:&quot;fade-anim&quot;}\" data-widget_type=\"arrox_heading.default\">\n\t\t\t\t<div class=\"elementor-widget-container\">\n\t\t\t\t\t\r\n\t\t\r\n\t\t\t<div class=\"section-header arrox-el-section fade-anim\">\r\n                <div class=\"section-title-wrapper\">\r\n                  \t<div class=\"title-wrapper ax-section-title-wrap\">\r\n\t\t\t\t\t\t                    \t<h2 class=\"section-title arrox-el-title font-sequelsans-romanbody fade-anim\">\r\n\t\t\t\t\t\t\tBranding ist f\u00fcr mich kein linearer Prozess,\nsondern ein Zusammenspiel aus Analyse, Gestaltung und Wirkung. Der Ablauf gibt Orientierung \u2013 bleibt aber offen genug,\num auf Projekt, Ziel und Kontext reagieren zu k\u00f6nnen.\r\n\t\t\t\t\t\t\t                    \t<\/h2>\r\n\t\t\t\t\t\t\t\t\t\t\t<\/div>\r\n                <\/div>\r\n            <\/div>\r\n\r\n\t\t\t\t\t\t<\/div>\n\t\t\t\t<\/div>\n\t\t\t\t<\/div>\n\t\t\t\t<\/div>\n\t\t<div class=\"elementor-element elementor-element-30255eb e-con-full e-flex e-con e-child\" data-id=\"30255eb\" data-element_type=\"container\" data-e-type=\"container\">\n\t\t<div class=\"elementor-element elementor-element-19e119d e-con-full e-flex e-con e-child\" data-id=\"19e119d\" data-element_type=\"container\" data-e-type=\"container\">\n\t\t\t\t<\/div>\n\t\t<div class=\"elementor-element elementor-element-622928e e-con-full e-flex e-con e-child\" data-id=\"622928e\" data-element_type=\"container\" data-e-type=\"container\">\n\t\t\t\t<div class=\"elementor-element elementor-element-0a401cc elementor-widget elementor-widget-arrox_feature_list\" data-id=\"0a401cc\" data-element_type=\"widget\" data-e-type=\"widget\" data-widget_type=\"arrox_feature_list.default\">\n\t\t\t\t<div class=\"elementor-widget-container\">\n\t\t\t\t\t\r\n        \r\n            <section class=\"approach-area arrox-el-section\">\r\n                <div class=\"container large\">\r\n                    <div class=\"approach-area-inner\">\r\n                        <div class=\"approach-wrapper-box\">\r\n                            <div class=\"approach-wrapper\">\r\n                                                                <div class=\"approach-box\">\r\n                                                                            <span class=\"number\">01<\/span>\r\n                                    \r\n                                                                        <h3 class=\"title\">Kennenlernen & Einordnung<\/h3>\r\n                                    \r\n                                                                        <p class=\"text\">\r\n                                        Wir starten mit einem Gespr\u00e4ch, um dein Projekt einzuordnen.\nZiel, Umfang und Rahmen werden gemeinsam gekl\u00e4rt \u2013 daraus ergibt sich die weitere Zusammenarbeit.                                    <\/p>\r\n                                                                    <\/div>\r\n                                                                <div class=\"approach-box\">\r\n                                                                            <span class=\"number\">02<\/span>\r\n                                    \r\n                                                                        <h3 class=\"title\">Briefing & Orientierung<\/h3>\r\n                                    \r\n                                                                        <p class=\"text\">\r\n                                        Je nach Projekt kl\u00e4ren wir die Details per Fragebogen, Gespr\u00e4ch oder kurzem Workshop.\nDabei geht es nicht nur um Inhalte, sondern um Richtung:\nWas soll gezeigt werden, wof\u00fcr soll deine Marke stehen, was nicht?                                    <\/p>\r\n                                                                    <\/div>\r\n                                                                <div class=\"approach-box\">\r\n                                                                            <span class=\"number\">03<\/span>\r\n                                    \r\n                                                                        <h3 class=\"title\">Gestaltung & Feedback<\/h3>\r\n                                    \r\n                                                                        <p class=\"text\">\r\n                                        Ich entwickle das Design auf Basis unserer gemeinsamen Grundlage.\nDu bekommst erste Entw\u00fcrfe und gibst Feedback.\nIn der Regel sind zwei Korrekturschleifen eingeplant.                                    <\/p>\r\n                                                                    <\/div>\r\n                                                                <div class=\"approach-box\">\r\n                                                                            <span class=\"number\">04<\/span>\r\n                                    \r\n                                                                        <h3 class=\"title\">Finalisierung & \u00dcbergabe<\/h3>\r\n                                    \r\n                                                                        <p class=\"text\">\r\n                                        Nach der finalen Abstimmung bereite ich alle Ergebnisse auf und stelle sie in g\u00e4ngigen Formaten zur Verf\u00fcgung.                                    <\/p>\r\n                                                                    <\/div>\r\n                                                                <div class=\"approach-box\">\r\n                                                                            <span class=\"number\">05<\/span>\r\n                                    \r\n                                                                        <h3 class=\"title\">Nutzung & Weiterarbeit<\/h3>\r\n                                    \r\n                                                                        <p class=\"text\">\r\n                                        Du erh\u00e4ltst eine kurze Anleitung zur Anwendung des Designs.\nBei Fragen oder sp\u00e4terem Bedarf k\u00f6nnen wir jederzeit weiterarbeiten.                                    <\/p>\r\n                                                                    <\/div>\r\n                                                            <\/div>\r\n                        <\/div>\r\n                    <\/div>\r\n                <\/div>\r\n            <\/section>\r\n\r\n        \r\n    \t\t\t\t<\/div>\n\t\t\t\t<\/div>\n\t\t\t\t<\/div>\n\t\t\t\t<\/div>\n\t\t\t\t\t<\/div>\n\t\t\t\t<\/div>\n\t\t<div class=\"elementor-element elementor-element-b6b1ff7 e-con-full container rr-container-1850 e-flex e-con e-parent\" data-id=\"b6b1ff7\" data-element_type=\"container\" data-e-type=\"container\" data-settings=\"{&quot;background_background&quot;:&quot;classic&quot;}\">\n\t\t<div class=\"elementor-element elementor-element-daefdf0 e-flex e-con-boxed e-con e-child\" data-id=\"daefdf0\" data-element_type=\"container\" data-e-type=\"container\">\n\t\t\t\t\t<div class=\"e-con-inner\">\n\t\t<div class=\"elementor-element elementor-element-0823db0 e-con-full e-flex e-con e-child\" data-id=\"0823db0\" data-element_type=\"container\" data-e-type=\"container\">\n\t\t\t\t<div class=\"elementor-element elementor-element-383fbec elementor-widget-mobile_extra__width-initial elementor-widget elementor-widget-heading\" data-id=\"383fbec\" data-element_type=\"widget\" data-e-type=\"widget\" data-widget_type=\"heading.default\">\n\t\t\t\t<div class=\"elementor-widget-container\">\n\t\t\t\t\t<h2 class=\"elementor-heading-title elementor-size-default\">Sag <br>Hallo.<\/h2>\t\t\t\t<\/div>\n\t\t\t\t<\/div>\n\t\t\t\t<div class=\"elementor-element elementor-element-d9a14c4 elementor-widget__width-initial elementor-widget elementor-widget-heading\" data-id=\"d9a14c4\" data-element_type=\"widget\" data-e-type=\"widget\" data-widget_type=\"heading.default\">\n\t\t\t\t<div class=\"elementor-widget-container\">\n\t\t\t\t\t<p class=\"elementor-heading-title elementor-size-default\">Wenn du Unterst\u00fctzung bei Branding, Grafikdesign oder Content brauchst, schreib mir gern eine E-Mail. Ich freue mich auf dein Projekt.<\/p>\t\t\t\t<\/div>\n\t\t\t\t<\/div>\n\t\t\t\t<div class=\"elementor-element elementor-element-ec71453 fade-anim elementor-widget elementor-widget-arrox-theme-button\" data-id=\"ec71453\" data-element_type=\"widget\" data-e-type=\"widget\" data-widget_type=\"arrox-theme-button.default\">\n\t\t\t\t<div class=\"elementor-widget-container\">\n\t\t\t\t\t\r\n\t\t\r\n\t\t\t\t<div class=\"body-startup-agency\">\r\n\t\t\t<div class=\"btn-wrapper fade-anim\">\r\n\t\t\t\t<a target=\"_self\" rel=\"nofollow\" href=\"https:\/\/hanou.at\/?page_id=6568\" class=\"rr-btn-underline arrox-el-btn\">\r\n\t\t\t\t\thallo@hanou.at\r\n\t\t\t\t\t\t\t\t\t\t<span class=\"icon\">\r\n\t\t\t\t\t\t<i aria-hidden=\"true\" class=\" fa-regular fa-arrow-right\"><\/i>\t\t\t\t\t<\/span>\r\n\t\t\t\t\t\t\t\t\t<\/a>\r\n\t\t\t<\/div>\r\n\t\t<\/div>\r\n\t\t\r\n\r\n\t\t\r\n\t\t\t\t\t\t<\/div>\n\t\t\t\t<\/div>\n\t\t\t\t<\/div>\n\t\t\t\t\t<\/div>\n\t\t\t\t<\/div>\n\t\t\t\t<\/div>\n\t\t\t\t<\/div>\n\t\t","protected":false},"excerpt":{"rendered":"<p>Branding &#038; Markenidentit\u00e4t Branding richtet sich an Selbstst\u00e4ndige, kleine Unternehmen und Marken, die nicht einfach nur \u201esch\u00f6n aussehen\u201c wollen, sondern klar positioniert, wiedererkennbar und konsistent auftreten m\u00f6chten. Ich entwickle visuelle Identit\u00e4ten, die Orientierung geben und \u00fcber einzelne Anwendungen hinaus funktionieren. Was im Branding enthalten ist: Markenpositionierung &#038; visuelle Richtung Logo &#038; Zeichenentwicklung Typografie &#038; Farbwelt [&hellip;]<\/p>\n","protected":false},"author":1,"featured_media":0,"parent":0,"menu_order":0,"comment_status":"closed","ping_status":"closed","template":"elementor_header_footer","meta":{"footnotes":""},"class_list":["post-18252","page","type-page","status-publish","hentry"],"_links":{"self":[{"href":"https:\/\/hanou.at\/index.php?rest_route=\/wp\/v2\/pages\/18252","targetHints":{"allow":["GET"]}}],"collection":[{"href":"https:\/\/hanou.at\/index.php?rest_route=\/wp\/v2\/pages"}],"about":[{"href":"https:\/\/hanou.at\/index.php?rest_route=\/wp\/v2\/types\/page"}],"author":[{"embeddable":true,"href":"https:\/\/hanou.at\/index.php?rest_route=\/wp\/v2\/users\/1"}],"replies":[{"embeddable":true,"href":"https:\/\/hanou.at\/index.php?rest_route=%2Fwp%2Fv2%2Fcomments&post=18252"}],"version-history":[{"count":182,"href":"https:\/\/hanou.at\/index.php?rest_route=\/wp\/v2\/pages\/18252\/revisions"}],"predecessor-version":[{"id":18688,"href":"https:\/\/hanou.at\/index.php?rest_route=\/wp\/v2\/pages\/18252\/revisions\/18688"}],"wp:attachment":[{"href":"https:\/\/hanou.at\/index.php?rest_route=%2Fwp%2Fv2%2Fmedia&parent=18252"}],"curies":[{"name":"wp","href":"https:\/\/api.w.org\/{rel}","templated":true}]}}